{"id":110,"date":"2023-03-11T15:16:15","date_gmt":"2023-03-11T15:16:15","guid":{"rendered":"https:\/\/saccipropriete.wpcomstaging.com\/?page_id=110"},"modified":"2023-07-11T14:26:17","modified_gmt":"2023-07-11T14:26:17","slug":"lestudio","status":"publish","type":"page","link":"https:\/\/sacci.fr\/?page_id=110","title":{"rendered":"Le studio"},"content":{"rendered":"\n<div class=\"wp-block-group alignfull has-global-padding is-layout-constrained wp-container-core-group-is-layout-23b1a4dc wp-block-group-is-layout-constrained\" style=\"padding-top:var(--wp--preset--spacing--30);padding-right:var(--wp--preset--spacing--30);padding-bottom:var(--wp--preset--spacing--30);padding-left:var(--wp--preset--spacing--30)\">\n<div class=\"wp-block-group alignwide is-content-justification-space-between is-layout-flex wp-container-core-group-is-layout-b585a4aa wp-block-group-is-layout-flex\">\n<div class=\"wp-block-group is-layout-flex wp-container-core-group-is-layout-7a92790e wp-block-group-is-layout-flex\"><div class=\"is-default-size wp-block-site-logo\"><a href=\"https:\/\/sacci.fr\/\" class=\"custom-logo-link\" rel=\"home\"><img loading=\"lazy\" decoding=\"async\" width=\"1123\" height=\"1124\" src=\"https:\/\/sacci.fr\/wp-content\/uploads\/2023\/03\/mono_sacci-1.png\" class=\"custom-logo\" alt=\"SACCI IMMOBILIER\" srcset=\"https:\/\/sacci.fr\/wp-content\/uploads\/2023\/03\/mono_sacci-1.png 1123w, https:\/\/sacci.fr\/wp-content\/uploads\/2023\/03\/mono_sacci-1-300x300.png 300w, https:\/\/sacci.fr\/wp-content\/uploads\/2023\/03\/mono_sacci-1-1024x1024.png 1024w, https:\/\/sacci.fr\/wp-content\/uploads\/2023\/03\/mono_sacci-1-150x150.png 150w, https:\/\/sacci.fr\/wp-content\/uploads\/2023\/03\/mono_sacci-1-768x769.png 768w\" sizes=\"auto, (max-width: 1123px) 100vw, 1123px\" \/><\/a><\/div><\/div>\n\n\n<nav class=\"is-responsive items-justified-right wp-block-navigation is-content-justification-right is-layout-flex wp-container-core-navigation-is-layout-f665d2b5 wp-block-navigation-is-layout-flex\" aria-label=\"Navigation\" \n\t\t data-wp-interactive=\"core\/navigation\" data-wp-context='{\"overlayOpenedBy\":{\"click\":false,\"hover\":false,\"focus\":false},\"type\":\"overlay\",\"roleAttribute\":\"\",\"ariaLabel\":\"Menu\"}'><button aria-haspopup=\"dialog\" aria-label=\"Ouvrir le menu\" class=\"wp-block-navigation__responsive-container-open\" \n\t\t\t\tdata-wp-on--click=\"actions.openMenuOnClick\"\n\t\t\t\tdata-wp-on--keydown=\"actions.handleMenuKeydown\"\n\t\t\t><svg width=\"24\" height=\"24\" xmlns=\"http:\/\/www.w3.org\/2000\/svg\" viewBox=\"0 0 24 24\" aria-hidden=\"true\" focusable=\"false\"><path d=\"M4 7.5h16v1.5H4z\"><\/path><path d=\"M4 15h16v1.5H4z\"><\/path><\/svg><\/button>\n\t\t\t\t<div class=\"wp-block-navigation__responsive-container\"  id=\"modal-1\" \n\t\t\t\tdata-wp-class--has-modal-open=\"state.isMenuOpen\"\n\t\t\t\tdata-wp-class--is-menu-open=\"state.isMenuOpen\"\n\t\t\t\tdata-wp-watch=\"callbacks.initMenu\"\n\t\t\t\tdata-wp-on--keydown=\"actions.handleMenuKeydown\"\n\t\t\t\tdata-wp-on--focusout=\"actions.handleMenuFocusout\"\n\t\t\t\ttabindex=\"-1\"\n\t\t\t>\n\t\t\t\t\t<div class=\"wp-block-navigation__responsive-close\" tabindex=\"-1\">\n\t\t\t\t\t\t<div class=\"wp-block-navigation__responsive-dialog\" \n\t\t\t\tdata-wp-bind--aria-modal=\"state.ariaModal\"\n\t\t\t\tdata-wp-bind--aria-label=\"state.ariaLabel\"\n\t\t\t\tdata-wp-bind--role=\"state.roleAttribute\"\n\t\t\t>\n\t\t\t\t\t\t\t<button aria-label=\"Fermer le menu\" class=\"wp-block-navigation__responsive-container-close\" \n\t\t\t\tdata-wp-on--click=\"actions.closeMenuOnClick\"\n\t\t\t><svg xmlns=\"http:\/\/www.w3.org\/2000\/svg\" viewBox=\"0 0 24 24\" width=\"24\" height=\"24\" aria-hidden=\"true\" focusable=\"false\"><path d=\"m13.06 12 6.47-6.47-1.06-1.06L12 10.94 5.53 4.47 4.47 5.53 10.94 12l-6.47 6.47 1.06 1.06L12 13.06l6.47 6.47 1.06-1.06L13.06 12Z\"><\/path><\/svg><\/button>\n\t\t\t\t\t\t\t<div class=\"wp-block-navigation__responsive-container-content\" \n\t\t\t\tdata-wp-watch=\"callbacks.focusFirstElement\"\n\t\t\t id=\"modal-1-content\">\n\t\t\t\t\t\t\t\t<ul class=\"wp-block-navigation__container is-responsive items-justified-right wp-block-navigation\"><li class=\" wp-block-navigation-item wp-block-navigation-link\"><a class=\"wp-block-navigation-item__content\"  href=\"https:\/\/sacci.fr\/?page_id=110\"><span class=\"wp-block-navigation-item__label\">LE STUDIO<\/span><\/a><\/li><li class=\" wp-block-navigation-item wp-block-navigation-link\"><a class=\"wp-block-navigation-item__content\"  href=\"https:\/\/sacci.fr\/?page_id=24\"><span class=\"wp-block-navigation-item__label\">NOS BIENS<\/span><\/a><\/li><li class=\" wp-block-navigation-item wp-block-navigation-link\"><a class=\"wp-block-navigation-item__content\"  href=\"https:\/\/sacci.fr\/?page_id=253\"><span class=\"wp-block-navigation-item__label\">CONTACT<\/span><\/a><\/li><\/ul>\n\t\t\t\t\t\t\t<\/div>\n\t\t\t\t\t\t<\/div>\n\t\t\t\t\t<\/div>\n\t\t\t\t<\/div><\/nav><\/div>\n<\/div>\n\n\n\n<div class=\"wp-block-group alignfull has-background is-vertical is-content-justification-center is-layout-flex wp-container-core-group-is-layout-d3ad8512 wp-block-group-is-layout-flex\" style=\"background-color:#f5f5f0;padding-top:100px;padding-right:0px;padding-bottom:100px;padding-left:0px\">\n<h2 class=\"wp-block-heading has-text-align-center\" style=\"margin-top:var(--wp--preset--spacing--30);margin-right:var(--wp--preset--spacing--30);margin-bottom:var(--wp--preset--spacing--60);margin-left:var(--wp--preset--spacing--30);font-size:47px;text-transform:none\">Studio d&rsquo;Architecture et de Conseil en Cession Immobili\u00e8re<\/h2>\n\n\n\n<div class=\"wp-block-jetpack-layout-grid column1-desktop-grid__span-10 column1-desktop-grid__start-2 column1-desktop-grid__row-1 column1-tablet-grid__span-8 column1-tablet-grid__row-1 column1-mobile-grid__span-4 column1-mobile-grid__row-1 wp-block-jetpack-layout-gutter__nowrap\">\n\n<div class=\"wp-block-jetpack-layout-grid-column wp-block-jetpack-layout-grid__padding-none\">\n\n<figure class=\"wp-block-gallery has-nested-images columns-4 is-cropped is-style-square wp-block-gallery-2 is-layout-flex wp-block-gallery-is-layout-flex\">\n\n<figure class=\"wp-block-image size-large\"><img decoding=\"async\" data-id=\"209\" src=\"https:\/\/sacci.fr\/wp-content\/uploads\/2023\/03\/SL5_HD_01-683x1024.jpeg\" alt=\"\" class=\"wp-image-209\"><\/figure>\n\n\n<figure class=\"wp-block-image size-large\"><img decoding=\"async\" data-id=\"200\" src=\"https:\/\/sacci.fr\/wp-content\/uploads\/2023\/03\/44-683x1024.jpeg\" alt=\"\" class=\"wp-image-200\"><\/figure>\n\n\n<figure class=\"wp-block-image size-large\"><img decoding=\"async\" data-id=\"206\" src=\"https:\/\/sacci.fr\/wp-content\/uploads\/2023\/03\/01-copie-683x1024.jpeg\" alt=\"\" class=\"wp-image-206\"><\/figure>\n\n\n<figure class=\"wp-block-image size-large\"><img decoding=\"async\" data-id=\"208\" src=\"https:\/\/sacci.fr\/wp-content\/uploads\/2023\/03\/38-683x1024.jpeg\" alt=\"\" class=\"wp-image-208\"><\/figure>\n\n<\/figure>\n\n<\/div>\n\n<\/div>\n\n\n\n<div class=\"wp-block-jetpack-layout-grid column1-desktop-grid__span-12 column1-desktop-grid__row-1 column1-tablet-grid__span-8 column1-tablet-grid__row-1 column1-mobile-grid__span-4 column1-mobile-grid__row-1 wp-block-jetpack-layout-gutter__nowrap\">\n\n<div class=\"wp-block-jetpack-layout-grid-column wp-block-jetpack-layout-grid__padding-huge\">\n\n<p style=\"font-size:1.5rem\">Sacci est une agence immobili\u00e8re sp\u00e9cialis\u00e9e dans les biens haut de gamme offrant des conseils et une expertise en mati\u00e8re d&rsquo;architecture et de d\u00e9coration.<\/p>\n\n\n<p style=\"font-size:1.5rem\">Avec une \u00e9quipe de professionnels exp\u00e9riment\u00e9s et passionn\u00e9s, Sacci fournit des conseils avis\u00e9s et un service haut de gamme pour r\u00e9pondre aux besoins de ses clients.<\/p>\n\n\n<p style=\"font-size:1.5rem\">Sacci s&rsquo;adresse \u00e0 une client\u00e8le sophistiqu\u00e9e \u00e0 la recherche d&rsquo;un bien immobilier exceptionnel, que ce soit une villa, un appartement, un ch\u00e2teau ou une maison de prestige. L&rsquo;agence est sp\u00e9cialis\u00e9e dans la recherche de biens immobiliers d&rsquo;exception, mais \u00e9galement dans leur vente.<\/p>\n\n\n<p style=\"font-size:1.5rem\">Le point fort de Sacci r\u00e9side dans son expertise en mati\u00e8re d&rsquo;architecture et de d\u00e9coration int\u00e9rieure. L&rsquo;agence offre \u00e0 ses clients son savoir-faire pour mettre en valeur leur bien immobilier, qu&rsquo;il s&rsquo;agisse de la r\u00e9novation d&rsquo;une propri\u00e9t\u00e9 existante ou de la construction d&rsquo;une nouvelle maison. Les experts en architecture et en d\u00e9coration de Sacci peuvent concevoir des plans de maisons sur mesure et fournir des conseils pour la s\u00e9lection de meubles et de finitions pour cr\u00e9er un int\u00e9rieur unique et \u00e9l\u00e9gant.<\/p>\n\n\n<p style=\"font-size:1.5rem\">En outre, Sacci met \u00e0 disposition de ses clients une \u00e9quipe de professionnels d\u00e9vou\u00e9s qui s&rsquo;occupe de toutes les formalit\u00e9s administratives li\u00e9es \u00e0 l&rsquo;achat ou \u00e0 la vente de leurs biens.<\/p>\n\n\n<p class=\"has-link-color wp-elements-6334d07e0653d0f1ffbf8f5684599540\" style=\"font-size:1.5rem\">En somme, Sacci est l&rsquo;agence immobili\u00e8re de choix pour les clients exigeants qui recherchent une expertise en mati\u00e8re d&rsquo;architecture et de d\u00e9coration int\u00e9rieure, une connaissance approfondie du march\u00e9 de l&rsquo;immobilier et un service client\u00e8le personnalis\u00e9 et haut de gamme. Si vous recherchez une exp\u00e9rience immobili\u00e8re unique, contactez Sacci d\u00e8s aujourd&rsquo;hui.<\/p>\n\n<\/div>\n\n<\/div>\n<\/div>\n\n\n\n<div class=\"wp-block-group alignfull has-foreground-color has-text-color has-background has-global-padding is-layout-constrained wp-container-core-group-is-layout-24a10930 wp-block-group-is-layout-constrained\" style=\"background-color:#455732;margin-top:0px;margin-bottom:0px;padding-top:7vw;padding-right:var(--wp--preset--spacing--60);padding-bottom:7vw;padding-left:var(--wp--preset--spacing--60)\">\n<div class=\"wp-block-columns alignwide has-background-color has-text-color has-background is-layout-flex wp-container-core-columns-is-layout-00723822 wp-block-columns-is-layout-flex\" style=\"background-color:#455732\">\n<div class=\"wp-block-column is-layout-flow wp-container-core-column-is-layout-1a0eff7f wp-block-column-is-layout-flow\" style=\"flex-basis:50%\"><h1 style=\"font-size:26px;line-height:1;\" class=\"wp-block-site-title\">SACCI IMMOBILIER<\/h1>\n\n\n<ul class=\"wp-block-social-links has-small-icon-size has-icon-color is-style-logos-only is-layout-flex wp-container-core-social-links-is-layout-74ca9e7f wp-block-social-links-is-layout-flex\"><li style=\"color:#FCFBF8;\" class=\"wp-social-link wp-social-link-instagram has-background-color wp-block-social-link\"><a href=\"http:\/\/instagram.com\/\" class=\"wp-block-social-link-anchor\"><svg width=\"24\" height=\"24\" viewBox=\"0 0 24 24\" version=\"1.1\" xmlns=\"http:\/\/www.w3.org\/2000\/svg\" aria-hidden=\"true\" focusable=\"false\"><path d=\"M12,4.622c2.403,0,2.688,0.009,3.637,0.052c0.877,0.04,1.354,0.187,1.671,0.31c0.42,0.163,0.72,0.358,1.035,0.673 c0.315,0.315,0.51,0.615,0.673,1.035c0.123,0.317,0.27,0.794,0.31,1.671c0.043,0.949,0.052,1.234,0.052,3.637 s-0.009,2.688-0.052,3.637c-0.04,0.877-0.187,1.354-0.31,1.671c-0.163,0.42-0.358,0.72-0.673,1.035 c-0.315,0.315-0.615,0.51-1.035,0.673c-0.317,0.123-0.794,0.27-1.671,0.31c-0.949,0.043-1.233,0.052-3.637,0.052 s-2.688-0.009-3.637-0.052c-0.877-0.04-1.354-0.187-1.671-0.31c-0.42-0.163-0.72-0.358-1.035-0.673 c-0.315-0.315-0.51-0.615-0.673-1.035c-0.123-0.317-0.27-0.794-0.31-1.671C4.631,14.688,4.622,14.403,4.622,12 s0.009-2.688,0.052-3.637c0.04-0.877,0.187-1.354,0.31-1.671c0.163-0.42,0.358-0.72,0.673-1.035 c0.315-0.315,0.615-0.51,1.035-0.673c0.317-0.123,0.794-0.27,1.671-0.31C9.312,4.631,9.597,4.622,12,4.622 M12,3 C9.556,3,9.249,3.01,8.289,3.054C7.331,3.098,6.677,3.25,6.105,3.472C5.513,3.702,5.011,4.01,4.511,4.511 c-0.5,0.5-0.808,1.002-1.038,1.594C3.25,6.677,3.098,7.331,3.054,8.289C3.01,9.249,3,9.556,3,12c0,2.444,0.01,2.751,0.054,3.711 c0.044,0.958,0.196,1.612,0.418,2.185c0.23,0.592,0.538,1.094,1.038,1.594c0.5,0.5,1.002,0.808,1.594,1.038 c0.572,0.222,1.227,0.375,2.185,0.418C9.249,20.99,9.556,21,12,21s2.751-0.01,3.711-0.054c0.958-0.044,1.612-0.196,2.185-0.418 c0.592-0.23,1.094-0.538,1.594-1.038c0.5-0.5,0.808-1.002,1.038-1.594c0.222-0.572,0.375-1.227,0.418-2.185 C20.99,14.751,21,14.444,21,12s-0.01-2.751-0.054-3.711c-0.044-0.958-0.196-1.612-0.418-2.185c-0.23-0.592-0.538-1.094-1.038-1.594 c-0.5-0.5-1.002-0.808-1.594-1.038c-0.572-0.222-1.227-0.375-2.185-0.418C14.751,3.01,14.444,3,12,3L12,3z M12,7.378 c-2.552,0-4.622,2.069-4.622,4.622S9.448,16.622,12,16.622s4.622-2.069,4.622-4.622S14.552,7.378,12,7.378z M12,15 c-1.657,0-3-1.343-3-3s1.343-3,3-3s3,1.343,3,3S13.657,15,12,15z M16.804,6.116c-0.596,0-1.08,0.484-1.08,1.08 s0.484,1.08,1.08,1.08c0.596,0,1.08-0.484,1.08-1.08S17.401,6.116,16.804,6.116z\"><\/path><\/svg><span class=\"wp-block-social-link-label screen-reader-text\">Instagram<\/span><\/a><\/li><\/ul>\n<\/div>\n\n\n\n<div class=\"wp-block-column is-layout-flow wp-block-column-is-layout-flow\" style=\"flex-basis:25%\">\n<p style=\"font-size:1.125rem;line-height:1.6\">11 rue du Mar\u00e9chal Gallieni<\/p>\n\n\n\n<p>78100 Saint-Germain-en-Laye<\/p>\n<\/div>\n\n\n\n<div class=\"wp-block-column is-layout-flow wp-container-core-column-is-layout-47e5a185 wp-block-column-is-layout-flow\" style=\"flex-basis:25%\">\n<p class=\"has-background-color has-text-color has-link-color wp-elements-57448537fbe265e72170897ae83612d1\" style=\"font-size:1.13rem;line-height:1.6\"><a href=\"mailto:example@example.com\">infos@sacci.fr<\/a><\/p>\n\n\n\n<p style=\"font-size:1.13rem;line-height:1.6\">01 85 39 00 99<\/p>\n<\/div>\n<\/div>\n<\/div>\n","protected":false},"excerpt":{"rendered":"<p>Studio d&rsquo;Architecture et de Conseil en Cession Immobili\u00e8re 11 rue du Mar\u00e9chal Gallieni 78100 Saint-Germain-en-Laye infos@sacci.fr 01 85 39 00 99<\/p>\n","protected":false},"author":2,"featured_media":0,"parent":0,"menu_order":0,"comment_status":"closed","ping_status":"closed","template":"blank","meta":{"footnotes":""},"class_list":["post-110","page","type-page","status-publish","hentry"],"_links":{"self":[{"href":"https:\/\/sacci.fr\/index.php?rest_route=\/wp\/v2\/pages\/110","targetHints":{"allow":["GET"]}}],"collection":[{"href":"https:\/\/sacci.fr\/index.php?rest_route=\/wp\/v2\/pages"}],"about":[{"href":"https:\/\/sacci.fr\/index.php?rest_route=\/wp\/v2\/types\/page"}],"author":[{"embeddable":true,"href":"https:\/\/sacci.fr\/index.php?rest_route=\/wp\/v2\/users\/2"}],"replies":[{"embeddable":true,"href":"https:\/\/sacci.fr\/index.php?rest_route=%2Fwp%2Fv2%2Fcomments&post=110"}],"version-history":[{"count":3,"href":"https:\/\/sacci.fr\/index.php?rest_route=\/wp\/v2\/pages\/110\/revisions"}],"predecessor-version":[{"id":395,"href":"https:\/\/sacci.fr\/index.php?rest_route=\/wp\/v2\/pages\/110\/revisions\/395"}],"wp:attachment":[{"href":"https:\/\/sacci.fr\/index.php?rest_route=%2Fwp%2Fv2%2Fmedia&parent=110"}],"curies":[{"name":"wp","href":"https:\/\/api.w.org\/{rel}","templated":true}]}}